{"id":11317,"date":"2022-03-03T10:11:50","date_gmt":"2022-03-03T09:11:50","guid":{"rendered":"https:\/\/candidatures-pause.college-de-france.fr\/?page_id=11317"},"modified":"2022-03-18T16:41:56","modified_gmt":"2022-03-18T15:41:56","slug":"pause-ukraine-confirmation","status":"publish","type":"page","link":"https:\/\/candidatures-pause.college-de-france.fr\/index.php\/pause-ukraine-confirmation\/","title":{"rendered":"PAUSE &#8211; Solidarit\u00e9 Ukraine"},"content":{"rendered":"\n<h2 class=\"wp-block-heading\">Votre candidature a \u00e9t\u00e9 d\u00e9pos\u00e9e avec succ\u00e8s.<\/h2>\n\n\n\n<h2 class=\"wp-block-heading\">L&rsquo;\u00e9quipe PAUSE reviendra rapidement vers vous.<\/h2>\n","protected":false},"excerpt":{"rendered":"<p>Votre candidature a \u00e9t\u00e9 d\u00e9pos\u00e9e avec succ\u00e8s. L&rsquo;\u00e9quipe PAUSE reviendra rapidement vers vous.<\/p>\n","protected":false},"author":303,"featured_media":0,"parent":0,"menu_order":0,"comment_status":"closed","ping_status":"closed","template":"","meta":{"footnotes":""},"class_list":["post-11317","page","type-page","status-publish","hentry","entry"],"_links":{"self":[{"href":"https:\/\/candidatures-pause.college-de-france.fr\/index.php\/wp-json\/wp\/v2\/pages\/11317","targetHints":{"allow":["GET"]}}],"collection":[{"href":"https:\/\/candidatures-pause.college-de-france.fr\/index.php\/wp-json\/wp\/v2\/pages"}],"about":[{"href":"https:\/\/candidatures-pause.college-de-france.fr\/index.php\/wp-json\/wp\/v2\/types\/page"}],"author":[{"embeddable":true,"href":"https:\/\/candidatures-pause.college-de-france.fr\/index.php\/wp-json\/wp\/v2\/users\/303"}],"replies":[{"embeddable":true,"href":"https:\/\/candidatures-pause.college-de-france.fr\/index.php\/wp-json\/wp\/v2\/comments?post=11317"}],"version-history":[{"count":2,"href":"https:\/\/candidatures-pause.college-de-france.fr\/index.php\/wp-json\/wp\/v2\/pages\/11317\/revisions"}],"predecessor-version":[{"id":11575,"href":"https:\/\/candidatures-pause.college-de-france.fr\/index.php\/wp-json\/wp\/v2\/pages\/11317\/revisions\/11575"}],"wp:attachment":[{"href":"https:\/\/candidatures-pause.college-de-france.fr\/index.php\/wp-json\/wp\/v2\/media?parent=11317"}],"curies":[{"name":"wp","href":"https:\/\/api.w.org\/{rel}","templated":true}]}}