{"id":16,"date":"2017-08-14T11:38:41","date_gmt":"2017-08-14T09:38:41","guid":{"rendered":"https:\/\/candidatures-pause.college-de-france.fr\/?page_id=16"},"modified":"2022-05-11T14:44:24","modified_gmt":"2022-05-11T12:44:24","slug":"accueil","status":"publish","type":"page","link":"https:\/\/candidatures-pause.college-de-france.fr\/","title":{"rendered":"PAUSE &#8211; Solidarit\u00e9 Ukraine"},"content":{"rendered":"\n<p><\/p>\n\n\n\n<p><em>Compte-tenu du tr\u00e8s grand nombre de candidatures d\u00e9pos\u00e9es dans le cadre des fonds d\u2019urgence Solidarit\u00e9 Ukraine et de la session 2 2022 (pr\u00e8s de 350 au total), nous souhaitons porter \u00e0 votre attention l\u2019allongement des d\u00e9lais d\u2019instruction des dossiers d\u00e9pos\u00e9s et vous prions de nous en excuser.<\/em><\/p>\n\n\n\n<p><em><br>Nous invitons par ailleurs les \u00e9tablissements projetant de d\u00e9poser toute nouvelle candidature de scientifiques ou artistes impact\u00e9s par la guerre en Ukraine \u00e0 le faire dans le cadre d\u2019une session exceptionnelle qui sera organis\u00e9e pour r\u00e9pondre aux situations les plus urgentes en juin 2022, dont les dates d\u2019\u00e9ch\u00e9ances pr\u00e9cises vous seront communiqu\u00e9es dans les meilleurs d\u00e9lais.<\/em><\/p>\n\n\n\n<h4 class=\"wp-block-heading\"><\/h4>\n\n\n\n<p><\/p>\n","protected":false},"excerpt":{"rendered":"<p>Compte-tenu du tr\u00e8s grand nombre de candidatures d\u00e9pos\u00e9es dans le cadre des fonds d\u2019urgence Solidarit\u00e9 Ukraine et de la session 2 2022 (pr\u00e8s de 350 au total), nous souhaitons porter \u00e0 votre attention l\u2019allongement des d\u00e9lais d\u2019instruction des dossiers d\u00e9pos\u00e9s et vous prions de nous en excuser. Nous invitons par ailleurs les \u00e9tablissements projetant de &hellip; <\/p>\n<p class=\"link-more\"><a href=\"https:\/\/candidatures-pause.college-de-france.fr\/\" class=\"more-link\">Continuer la lecture <span class=\"screen-reader-text\"> \u00ab\u00a0PAUSE &#8211; Solidarit\u00e9 Ukraine\u00a0\u00bb<\/span><\/a><\/p>\n","protected":false},"author":4,"featured_media":0,"parent":0,"menu_order":1,"comment_status":"closed","ping_status":"closed","template":"","meta":{"footnotes":""},"class_list":["post-16","page","type-page","status-publish","hentry","entry"],"_links":{"self":[{"href":"https:\/\/candidatures-pause.college-de-france.fr\/index.php\/wp-json\/wp\/v2\/pages\/16","targetHints":{"allow":["GET"]}}],"collection":[{"href":"https:\/\/candidatures-pause.college-de-france.fr\/index.php\/wp-json\/wp\/v2\/pages"}],"about":[{"href":"https:\/\/candidatures-pause.college-de-france.fr\/index.php\/wp-json\/wp\/v2\/types\/page"}],"author":[{"embeddable":true,"href":"https:\/\/candidatures-pause.college-de-france.fr\/index.php\/wp-json\/wp\/v2\/users\/4"}],"replies":[{"embeddable":true,"href":"https:\/\/candidatures-pause.college-de-france.fr\/index.php\/wp-json\/wp\/v2\/comments?post=16"}],"version-history":[{"count":54,"href":"https:\/\/candidatures-pause.college-de-france.fr\/index.php\/wp-json\/wp\/v2\/pages\/16\/revisions"}],"predecessor-version":[{"id":11963,"href":"https:\/\/candidatures-pause.college-de-france.fr\/index.php\/wp-json\/wp\/v2\/pages\/16\/revisions\/11963"}],"wp:attachment":[{"href":"https:\/\/candidatures-pause.college-de-france.fr\/index.php\/wp-json\/wp\/v2\/media?parent=16"}],"curies":[{"name":"wp","href":"https:\/\/api.w.org\/{rel}","templated":true}]}}