{"id":18,"date":"2017-08-14T11:38:42","date_gmt":"2017-08-14T09:38:42","guid":{"rendered":"https:\/\/candidatures-pause.college-de-france.fr\/?page_id=18"},"modified":"2021-08-12T21:36:08","modified_gmt":"2021-08-12T19:36:08","slug":"mentions-legales","status":"publish","type":"page","link":"https:\/\/candidatures-pause.college-de-france.fr\/index.php\/mentions-legales\/","title":{"rendered":"Mentions l\u00e9gales"},"content":{"rendered":"<p><strong>Utilisation de vos donn\u00e9es personnelles<\/strong><\/p>\n<p>Ce t\u00e9l\u00e9service a \u00e9t\u00e9 d\u00e9clar\u00e9 par la Direction des syst\u00e8mes d&rsquo;information du Coll\u00e8ge de France.<\/p>\n<p>Les informations que vous communiquez sont utilis\u00e9es dans le cadre du processus du traitement des dossiers de candidatures du programme PAUSE. Elles sont destin\u00e9es \u00e0 l&rsquo;\u00e9quipe PAUSE, aux membres du comit\u00e9 d&rsquo;\u00e9valuation, ainsi qu&rsquo;aux membres du comit\u00e9 de direction.<\/p>\n<p>Conform\u00e9ment au R\u00e8glement sur la Protection des Donn\u00e9es (RGPD), l\u2019ensemble des participants au programme Pause (candidats, correspondants PAUSE, parrains) dispose de droit d\u2019acc\u00e8s, de rectification et d\u2019opposition pour motifs l\u00e9gitimes aux donn\u00e9es les concernant.<\/p>\n<p>Pour exercer ces droits, merci de contacter le D\u00e9l\u00e9gu\u00e9 \u00e0 la Protection des Donn\u00e9es, 11 place Marcelin Berthelot 75231 Paris Cedex 05 ou par e-mail \u00e0 l\u2019adresse <a class=\"moz-txt-link-abbreviated\" href=\"mailto:dpd.dgs@college-de-france.fr\" target=\"_blank\" rel=\"noopener\">dpd.dgs@college-de-france.fr<\/a><\/p>\n","protected":false},"excerpt":{"rendered":"<p>Utilisation de vos donn\u00e9es personnelles Ce t\u00e9l\u00e9service a \u00e9t\u00e9 d\u00e9clar\u00e9 par la Direction des syst\u00e8mes d&rsquo;information du Coll\u00e8ge de France. Les informations que vous communiquez sont utilis\u00e9es dans le cadre du processus du traitement des dossiers de candidatures du programme PAUSE. Elles sont destin\u00e9es \u00e0 l&rsquo;\u00e9quipe PAUSE, aux membres du comit\u00e9 d&rsquo;\u00e9valuation, ainsi qu&rsquo;aux membres &hellip; <\/p>\n<p class=\"link-more\"><a href=\"https:\/\/candidatures-pause.college-de-france.fr\/index.php\/mentions-legales\/\" class=\"more-link\">Continuer la lecture <span class=\"screen-reader-text\"> \u00ab\u00a0Mentions l\u00e9gales\u00a0\u00bb<\/span><\/a><\/p>\n","protected":false},"author":4,"featured_media":0,"parent":0,"menu_order":0,"comment_status":"closed","ping_status":"closed","template":"","meta":{"footnotes":""},"class_list":["post-18","page","type-page","status-publish","hentry","entry"],"_links":{"self":[{"href":"https:\/\/candidatures-pause.college-de-france.fr\/index.php\/wp-json\/wp\/v2\/pages\/18","targetHints":{"allow":["GET"]}}],"collection":[{"href":"https:\/\/candidatures-pause.college-de-france.fr\/index.php\/wp-json\/wp\/v2\/pages"}],"about":[{"href":"https:\/\/candidatures-pause.college-de-france.fr\/index.php\/wp-json\/wp\/v2\/types\/page"}],"author":[{"embeddable":true,"href":"https:\/\/candidatures-pause.college-de-france.fr\/index.php\/wp-json\/wp\/v2\/users\/4"}],"replies":[{"embeddable":true,"href":"https:\/\/candidatures-pause.college-de-france.fr\/index.php\/wp-json\/wp\/v2\/comments?post=18"}],"version-history":[{"count":10,"href":"https:\/\/candidatures-pause.college-de-france.fr\/index.php\/wp-json\/wp\/v2\/pages\/18\/revisions"}],"predecessor-version":[{"id":10707,"href":"https:\/\/candidatures-pause.college-de-france.fr\/index.php\/wp-json\/wp\/v2\/pages\/18\/revisions\/10707"}],"wp:attachment":[{"href":"https:\/\/candidatures-pause.college-de-france.fr\/index.php\/wp-json\/wp\/v2\/media?parent=18"}],"curies":[{"name":"wp","href":"https:\/\/api.w.org\/{rel}","templated":true}]}}